{"id":13,"date":"2020-09-04T15:40:18","date_gmt":"2020-09-04T15:40:18","guid":{"rendered":"http:\/\/archibald-city-hotel.ms.decms.eu\/?page_id=13"},"modified":"2024-11-19T14:17:10","modified_gmt":"2024-11-19T14:17:10","slug":"dvouluzkovy-pokoj-s-manzelskou-posteli-nebo-oddelenymi-postelemi-a-vyhledem-na-mesto","status":"publish","type":"page","link":"https:\/\/www.archibaldcity.cz\/cs\/pokoje\/dvouluzkovy-pokoj-s-manzelskou-posteli-nebo-oddelenymi-postelemi-a-vyhledem-na-mesto\/","title":{"rendered":"Dvoul\u016f\u017ekov\u00fd pokoj s v\u00fdhledem na m\u011bsto"},"content":{"rendered":"<p>Pokoj s klimatizac\u00ed, satelitn\u00ed TV, bezpe\u010dnostn\u00ed schr\u00e1nkou, psac\u00edm stolem s \u017eidl\u00ed a s v\u00fdhledem na m\u011bsto.<\/p>\n<ul>\n<li><span class=\"attribute-label\">Max. po\u010det host\u016f: <\/span><strong><span class=\"attribute-value\">2<\/span><\/strong><\/li>\n<li>Typy postel\u00ed: <strong><span class=\"attribute-value\">2 jednol\u016f\u017ekov\u00e9 postele nebo 1 velk\u00e1 man\u017eelsk\u00e1 postel<\/span><\/strong><\/li>\n<li>Velikost pokoje: <strong><span class=\"attribute-value\">20 m\u00b2<\/span><\/strong><\/li>\n<\/ul>\n<p><strong>Vybaven\u00ed<\/strong>: p\u0159\u00edslu\u0161enstv\u00ed na p\u0159\u00edpravu \u010daje a k\u00e1vy, trezor, telefon, klimatizace, f\u00e9n, ledni\u010dka, psac\u00ed st\u016fl, posezen\u00ed, toaletn\u00ed pot\u0159eby zdarma, toaleta, vlastn\u00ed koupelna s vanou, topen\u00ed, satelitn\u00ed programy, koberec, TV s plochou obrazovkou, rychlovarn\u00e1 konvice, sk\u0159\u00ed\u0148, ru\u010dn\u00edky a dal\u0161\u00ed.<\/p>\n","protected":false},"excerpt":{"rendered":"<p>Pokoj s klimatizac\u00ed, satelitn\u00ed TV, bezpe\u010dnostn\u00ed schr\u00e1nkou, psac\u00edm stolem s \u017eidl\u00ed a s v\u00fdhledem na m\u011bsto. Max. po\u010det host\u016f: 2 Typy postel\u00ed: 2 jednol\u016f\u017ekov\u00e9 postele nebo 1 velk\u00e1 man\u017eelsk\u00e1 postel Velikost pokoje: 20 m\u00b2 Vybaven\u00ed: p\u0159\u00edslu\u0161enstv\u00ed na p\u0159\u00edpravu \u010daje a k\u00e1vy, trezor, telefon, klimatizace, f\u00e9n, ledni\u010dka, psac\u00ed st\u016fl, posezen\u00ed, toaletn\u00ed pot\u0159eby zdarma, toaleta, vlastn\u00ed koupelna [&hellip;]<\/p>\n","protected":false},"author":4,"featured_media":0,"parent":6,"menu_order":20,"comment_status":"closed","ping_status":"closed","template":"template-single-room.php","meta":{"footnotes":""},"class_list":["post-13","page","type-page","status-publish","hentry"],"yoast_head":"<!-- This site is optimized with the Yoast SEO plugin v26.9 - https:\/\/yoast.com\/product\/yoast-seo-wordpress\/ -->\n<title>Dvoul\u016f\u017ekov\u00fd pokoj s v\u00fdhledem na m\u011bsto - Archibald City Hotel<\/title>\n<meta name=\"robots\" content=\"index, follow, max-snippet:-1, max-image-preview:large, max-video-preview:-1\" \/>\n<link rel=\"canonical\" href=\"https:\/\/www.archibaldcity.cz\/cs\/pokoje\/dvouluzkovy-pokoj-s-manzelskou-posteli-nebo-oddelenymi-postelemi-a-vyhledem-na-mesto\/\" \/>\n<meta property=\"og:locale\" content=\"cs_CZ\" \/>\n<meta property=\"og:type\" content=\"article\" \/>\n<meta property=\"og:title\" content=\"Dvoul\u016f\u017ekov\u00fd pokoj s v\u00fdhledem na m\u011bsto - Archibald City Hotel\" \/>\n<meta property=\"og:description\" content=\"Pokoj s klimatizac\u00ed, satelitn\u00ed TV, bezpe\u010dnostn\u00ed schr\u00e1nkou, psac\u00edm stolem s \u017eidl\u00ed a s v\u00fdhledem na m\u011bsto. Max. po\u010det host\u016f: 2 Typy postel\u00ed: 2 jednol\u016f\u017ekov\u00e9 postele nebo 1 velk\u00e1 man\u017eelsk\u00e1 postel Velikost pokoje: 20 m\u00b2 Vybaven\u00ed: p\u0159\u00edslu\u0161enstv\u00ed na p\u0159\u00edpravu \u010daje a k\u00e1vy, trezor, telefon, klimatizace, f\u00e9n, ledni\u010dka, psac\u00ed st\u016fl, posezen\u00ed, toaletn\u00ed pot\u0159eby zdarma, toaleta, vlastn\u00ed koupelna [&hellip;]\" \/>\n<meta property=\"og:url\" content=\"https:\/\/www.archibaldcity.cz\/cs\/pokoje\/dvouluzkovy-pokoj-s-manzelskou-posteli-nebo-oddelenymi-postelemi-a-vyhledem-na-mesto\/\" \/>\n<meta property=\"og:site_name\" content=\"Archibald City Hotel\" \/>\n<meta property=\"article:modified_time\" content=\"2024-11-19T14:17:10+00:00\" \/>\n<meta name=\"twitter:card\" content=\"summary_large_image\" \/>\n<meta name=\"twitter:label1\" content=\"Odhadovan\u00e1 doba \u010dten\u00ed\" \/>\n\t<meta name=\"twitter:data1\" content=\"1 minuta\" \/>\n<script type=\"application\/ld+json\" class=\"yoast-schema-graph\">{\"@context\":\"https:\/\/schema.org\",\"@graph\":[{\"@type\":\"WebPage\",\"@id\":\"https:\/\/www.archibaldcity.cz\/cs\/pokoje\/dvouluzkovy-pokoj-s-manzelskou-posteli-nebo-oddelenymi-postelemi-a-vyhledem-na-mesto\/\",\"url\":\"https:\/\/www.archibaldcity.cz\/cs\/pokoje\/dvouluzkovy-pokoj-s-manzelskou-posteli-nebo-oddelenymi-postelemi-a-vyhledem-na-mesto\/\",\"name\":\"Dvoul\u016f\u017ekov\u00fd pokoj s v\u00fdhledem na m\u011bsto - Archibald City Hotel\",\"isPartOf\":{\"@id\":\"https:\/\/www.archibaldcity.cz\/cs\/#website\"},\"datePublished\":\"2020-09-04T15:40:18+00:00\",\"dateModified\":\"2024-11-19T14:17:10+00:00\",\"breadcrumb\":{\"@id\":\"https:\/\/www.archibaldcity.cz\/cs\/pokoje\/dvouluzkovy-pokoj-s-manzelskou-posteli-nebo-oddelenymi-postelemi-a-vyhledem-na-mesto\/#breadcrumb\"},\"inLanguage\":\"cs\",\"potentialAction\":[{\"@type\":\"ReadAction\",\"target\":[\"https:\/\/www.archibaldcity.cz\/cs\/pokoje\/dvouluzkovy-pokoj-s-manzelskou-posteli-nebo-oddelenymi-postelemi-a-vyhledem-na-mesto\/\"]}]},{\"@type\":\"BreadcrumbList\",\"@id\":\"https:\/\/www.archibaldcity.cz\/cs\/pokoje\/dvouluzkovy-pokoj-s-manzelskou-posteli-nebo-oddelenymi-postelemi-a-vyhledem-na-mesto\/#breadcrumb\",\"itemListElement\":[{\"@type\":\"ListItem\",\"position\":1,\"name\":\"Home\",\"item\":\"https:\/\/www.archibaldcity.cz\/cs\/\"},{\"@type\":\"ListItem\",\"position\":2,\"name\":\"Pokoje\",\"item\":\"https:\/\/www.archibaldcity.cz\/cs\/pokoje\/\"},{\"@type\":\"ListItem\",\"position\":3,\"name\":\"Dvoul\u016f\u017ekov\u00fd pokoj s v\u00fdhledem na m\u011bsto\"}]},{\"@type\":\"WebSite\",\"@id\":\"https:\/\/www.archibaldcity.cz\/cs\/#website\",\"url\":\"https:\/\/www.archibaldcity.cz\/cs\/\",\"name\":\"Archibald City Hotel\",\"description\":\"Just another ms.decms.eu site\",\"potentialAction\":[{\"@type\":\"SearchAction\",\"target\":{\"@type\":\"EntryPoint\",\"urlTemplate\":\"https:\/\/www.archibaldcity.cz\/cs\/?s={search_term_string}\"},\"query-input\":{\"@type\":\"PropertyValueSpecification\",\"valueRequired\":true,\"valueName\":\"search_term_string\"}}],\"inLanguage\":\"cs\"}]}<\/script>\n<!-- \/ Yoast SEO plugin. -->","yoast_head_json":{"title":"Dvoul\u016f\u017ekov\u00fd pokoj s v\u00fdhledem na m\u011bsto - Archibald City Hotel","robots":{"index":"index","follow":"follow","max-snippet":"max-snippet:-1","max-image-preview":"max-image-preview:large","max-video-preview":"max-video-preview:-1"},"canonical":"https:\/\/www.archibaldcity.cz\/cs\/pokoje\/dvouluzkovy-pokoj-s-manzelskou-posteli-nebo-oddelenymi-postelemi-a-vyhledem-na-mesto\/","og_locale":"cs_CZ","og_type":"article","og_title":"Dvoul\u016f\u017ekov\u00fd pokoj s v\u00fdhledem na m\u011bsto - Archibald City Hotel","og_description":"Pokoj s klimatizac\u00ed, satelitn\u00ed TV, bezpe\u010dnostn\u00ed schr\u00e1nkou, psac\u00edm stolem s \u017eidl\u00ed a s v\u00fdhledem na m\u011bsto. Max. po\u010det host\u016f: 2 Typy postel\u00ed: 2 jednol\u016f\u017ekov\u00e9 postele nebo 1 velk\u00e1 man\u017eelsk\u00e1 postel Velikost pokoje: 20 m\u00b2 Vybaven\u00ed: p\u0159\u00edslu\u0161enstv\u00ed na p\u0159\u00edpravu \u010daje a k\u00e1vy, trezor, telefon, klimatizace, f\u00e9n, ledni\u010dka, psac\u00ed st\u016fl, posezen\u00ed, toaletn\u00ed pot\u0159eby zdarma, toaleta, vlastn\u00ed koupelna [&hellip;]","og_url":"https:\/\/www.archibaldcity.cz\/cs\/pokoje\/dvouluzkovy-pokoj-s-manzelskou-posteli-nebo-oddelenymi-postelemi-a-vyhledem-na-mesto\/","og_site_name":"Archibald City Hotel","article_modified_time":"2024-11-19T14:17:10+00:00","twitter_card":"summary_large_image","twitter_misc":{"Odhadovan\u00e1 doba \u010dten\u00ed":"1 minuta"},"schema":{"@context":"https:\/\/schema.org","@graph":[{"@type":"WebPage","@id":"https:\/\/www.archibaldcity.cz\/cs\/pokoje\/dvouluzkovy-pokoj-s-manzelskou-posteli-nebo-oddelenymi-postelemi-a-vyhledem-na-mesto\/","url":"https:\/\/www.archibaldcity.cz\/cs\/pokoje\/dvouluzkovy-pokoj-s-manzelskou-posteli-nebo-oddelenymi-postelemi-a-vyhledem-na-mesto\/","name":"Dvoul\u016f\u017ekov\u00fd pokoj s v\u00fdhledem na m\u011bsto - Archibald City Hotel","isPartOf":{"@id":"https:\/\/www.archibaldcity.cz\/cs\/#website"},"datePublished":"2020-09-04T15:40:18+00:00","dateModified":"2024-11-19T14:17:10+00:00","breadcrumb":{"@id":"https:\/\/www.archibaldcity.cz\/cs\/pokoje\/dvouluzkovy-pokoj-s-manzelskou-posteli-nebo-oddelenymi-postelemi-a-vyhledem-na-mesto\/#breadcrumb"},"inLanguage":"cs","potentialAction":[{"@type":"ReadAction","target":["https:\/\/www.archibaldcity.cz\/cs\/pokoje\/dvouluzkovy-pokoj-s-manzelskou-posteli-nebo-oddelenymi-postelemi-a-vyhledem-na-mesto\/"]}]},{"@type":"BreadcrumbList","@id":"https:\/\/www.archibaldcity.cz\/cs\/pokoje\/dvouluzkovy-pokoj-s-manzelskou-posteli-nebo-oddelenymi-postelemi-a-vyhledem-na-mesto\/#breadcrumb","itemListElement":[{"@type":"ListItem","position":1,"name":"Home","item":"https:\/\/www.archibaldcity.cz\/cs\/"},{"@type":"ListItem","position":2,"name":"Pokoje","item":"https:\/\/www.archibaldcity.cz\/cs\/pokoje\/"},{"@type":"ListItem","position":3,"name":"Dvoul\u016f\u017ekov\u00fd pokoj s v\u00fdhledem na m\u011bsto"}]},{"@type":"WebSite","@id":"https:\/\/www.archibaldcity.cz\/cs\/#website","url":"https:\/\/www.archibaldcity.cz\/cs\/","name":"Archibald City Hotel","description":"Just another ms.decms.eu site","potentialAction":[{"@type":"SearchAction","target":{"@type":"EntryPoint","urlTemplate":"https:\/\/www.archibaldcity.cz\/cs\/?s={search_term_string}"},"query-input":{"@type":"PropertyValueSpecification","valueRequired":true,"valueName":"search_term_string"}}],"inLanguage":"cs"}]}},"acf":[],"_links":{"self":[{"href":"https:\/\/www.archibaldcity.cz\/cs\/wp-json\/wp\/v2\/pages\/13","targetHints":{"allow":["GET"]}}],"collection":[{"href":"https:\/\/www.archibaldcity.cz\/cs\/wp-json\/wp\/v2\/pages"}],"about":[{"href":"https:\/\/www.archibaldcity.cz\/cs\/wp-json\/wp\/v2\/types\/page"}],"author":[{"embeddable":true,"href":"https:\/\/www.archibaldcity.cz\/cs\/wp-json\/wp\/v2\/users\/4"}],"replies":[{"embeddable":true,"href":"https:\/\/www.archibaldcity.cz\/cs\/wp-json\/wp\/v2\/comments?post=13"}],"version-history":[{"count":0,"href":"https:\/\/www.archibaldcity.cz\/cs\/wp-json\/wp\/v2\/pages\/13\/revisions"}],"up":[{"embeddable":true,"href":"https:\/\/www.archibaldcity.cz\/cs\/wp-json\/wp\/v2\/pages\/6"}],"wp:attachment":[{"href":"https:\/\/www.archibaldcity.cz\/cs\/wp-json\/wp\/v2\/media?parent=13"}],"curies":[{"name":"wp","href":"https:\/\/api.w.org\/{rel}","templated":true}]}}