{"id":222,"date":"2021-07-05T12:29:15","date_gmt":"2021-07-05T12:29:15","guid":{"rendered":"https:\/\/www.archibaldcity.cz\/cookie-policy-preferences\/"},"modified":"2022-06-28T12:12:03","modified_gmt":"2022-06-28T12:12:03","slug":"cookie-policy-preferences","status":"publish","type":"page","link":"https:\/\/www.archibaldcity.cz\/cs\/cookie-policy-preferences\/","title":{"rendered":"Cookies a podm\u00ednky pou\u017e\u00edv\u00e1n\u00ed"},"content":{"rendered":"<p><strong>Pou\u017eit\u00ed cookies hotelem <\/strong>Archibald City provozovan\u00fdm spole\u010dnost\u00ed Archibald Net s.r.o..<\/p>\n<p>Upozor\u0148ujeme, \u017ee hotel Archibald City pou\u017e\u00edv\u00e1 na sv\u00e9 webov\u00e9 str\u00e1nce <a href=\"https:\/\/www.archibaldcity.cz\/\">https:\/\/www.archibaldcity.cz\/<\/a> soubory cookie nebo dal\u0161\u00ed sledovac\u00ed n\u00e1stroje.<\/p>\n<p>Tyto sledovac\u00ed n\u00e1stroje mohou b\u00fdt nainstalov\u00e1ny na Va\u0161em za\u0159\u00edzen\u00ed v z\u00e1vislosti na p\u0159edvolen\u00fdch preferenc\u00ed, s nimi\u017e jste vyj\u00e1d\u0159ili souhlas nebo m\u016f\u017eete kdykoli vyj\u00e1d\u0159it souhlas v souladu s t\u011bmito z\u00e1sadami.<\/p>\n<p>&nbsp;<\/p>\n<ul>\n<li><strong>Pro\u010d pou\u017e\u00edv\u00e1me pravidla Cookies a podm\u00ednky pou\u017e\u00edv\u00e1n\u00ed?<\/strong><\/li>\n<\/ul>\n<p>S c\u00edlem poskytnut\u00ed informac\u00ed a transparentnosti zavedl hotel Archibald City tyto pravidla, abyste se mohli dozv\u011bd\u011bt v\u00edce o:<\/p>\n<ul>\n<li>P\u016fvodu a \u00fa\u010delu informac\u00ed zpracov\u00e1van\u00fdch p\u0159i proch\u00e1zen\u00ed <a href=\"https:\/\/www.archibaldcity.cz\/\">https:\/\/www.archibaldcity.cz\/<\/a> .<\/li>\n<li>Va\u0161ich pr\u00e1vech t\u00fdkaj\u00edc\u00ed se soubor\u016f cookie a dal\u0161\u00edch sledovac\u00edch n\u00e1stroj\u016f pou\u017e\u00edvan\u00fdch hotelem Archibald City.<\/li>\n<\/ul>\n<p>&nbsp;<\/p>\n<ul>\n<li><strong>Co to je soubor cookie?<\/strong><\/li>\n<\/ul>\n<p>Cookies a dal\u0161\u00ed sledovac\u00ed technologie jsou soubory dat pou\u017e\u00edvan\u00e9 servery k odes\u00edlan\u00ed informac\u00ed o stavu do prohl\u00ed\u017ee\u010de u\u017eivatele a vracen\u00edm informace o stavu na p\u016fvodn\u00ed server prost\u0159ednictv\u00edm stejn\u00e9ho prohl\u00ed\u017ee\u010de.<\/p>\n<p>Informace o stavu mohou b\u00fdt identifik\u00e1tor relace, jazyk, datum vypr\u0161en\u00ed platnosti, pole odpov\u011bdi nebo jin\u00e9 typy informac\u00ed.<br \/>\nB\u011bhem doby platnosti se soubory cookie pou\u017e\u00edvaj\u00ed k ukl\u00e1d\u00e1n\u00ed informac\u00ed o stavu, kdy prohl\u00ed\u017ee\u010d p\u0159istupuje k r\u016fzn\u00fdm str\u00e1nk\u00e1m webov\u00fdch str\u00e1nek nebo pokud se prohl\u00ed\u017ee\u010d pozd\u011bji vr\u00e1t\u00ed na tuto webovou str\u00e1nku.<\/p>\n<p>Jsou rozd\u00edln\u00e9 druhy cookies:<\/p>\n<ul>\n<li>Soubory cookie relace, kter\u00e9 jsou smaz\u00e1ny, jakmile opust\u00edte prohl\u00ed\u017ee\u010d nebo opust\u00edte webovou str\u00e1nku.<\/li>\n<li>Trval\u00e9 soubory cookie, kter\u00e9 z\u016fst\u00e1vaj\u00ed ve Va\u0161em za\u0159\u00edzen\u00ed a\u017e do vypr\u0161en\u00ed jejich platnosti nebo dokud je nevyma\u017eete pomoc\u00ed funkc\u00ed Va\u0161eho prohl\u00ed\u017ee\u010de.<\/li>\n<\/ul>\n<p>&nbsp;<\/p>\n<ul>\n<li><strong>Pro\u010d pou\u017e\u00edv\u00e1me soubory cookies?<\/strong><\/li>\n<\/ul>\n<p>Pou\u017e\u00edv\u00e1me soubory cookies a dal\u0161\u00ed sledovac\u00ed technologie prim\u00e1rn\u011b k t\u011bmto \u00fa\u010del\u016fm:<\/p>\n<p><em>Nezbytn\u011b nutn\u00e9 soubory cookie pro prohl\u00ed\u017een\u00ed webov\u00fdch str\u00e1nek <\/em><a href=\"https:\/\/www.archibaldcity.cz\/\">https:\/\/www.archibaldcity.cz\/<\/a> <em>a mo\u017enosti vyu\u017e\u00edt v\u0161echny funkce str\u00e1nek, ur\u010den\u00e9 zejm\u00e9na pro:<\/em><\/p>\n<ul>\n<li>Spr\u00e1vu autentizace n\u00e1v\u0161t\u011bvn\u00edk\u016f webov\u00fdch str\u00e1nek a souvisej\u00edc\u00edch bezpe\u010dnostn\u00edch opat\u0159en\u00ed a zaji\u0161t\u011bn\u00ed \u0159\u00e1dn\u00e9ho fungov\u00e1n\u00ed autentiza\u010dn\u00edho modulu.<\/li>\n<li>Optimalizaci u\u017eivatelsk\u00e9 zku\u0161enosti a usnadn\u011bn\u00ed prohl\u00ed\u017een\u00ed, zejm\u00e9na ur\u010den\u00ed \u201ctechnick\u00fdch cest\u201d pro prohl\u00ed\u017ee\u010d.<\/li>\n<li>Ukl\u00e1dan\u00ed informac\u00ed t\u00fdkaj\u00edc\u00ed se informa\u010dn\u00edho banneru \u201ccookies\u201d, kter\u00fd je zobrazen n\u00e1v\u0161t\u011bvn\u00edk\u016fm webu, kte\u0159\u00ed pokra\u010duj\u00ed prohl\u00ed\u017een\u00edm str\u00e1nek po odsouhlasen\u00ed cookies na jejich za\u0159\u00edzen\u00ed.<\/li>\n<\/ul>\n<p>Zaveden\u00ed bezpe\u010dnostn\u00edch opat\u0159en\u00ed (nap\u0159\u00edklad kdy\u017e jste po\u017e\u00e1d\u00e1ni, abyste se po ur\u010dit\u00e9 dob\u011b znovu p\u0159ihl\u00e1sili k obsahu nebo slu\u017eb\u011b, nebo k zaji\u0161t\u011bn\u00ed z\u00e1kladn\u00edho provozu <a href=\"https:\/\/www.archibaldcity.cz\/\">https:\/\/www.archibaldcity.cz\/<\/a> a pou\u017e\u00edv\u00e1n\u00ed hlavn\u00edch technick\u00fdch funkc\u00ed, jako je sledov\u00e1n\u00ed v\u00fdkonu a chyb p\u0159i proch\u00e1zen\u00ed, spr\u00e1va u\u017eivatelsk\u00fdch relac\u00ed atd.).<\/p>\n<p><em>Funk\u010dn\u00ed cookies ur\u010den\u00e9 zejm\u00e9na pro:<\/em><\/p>\n<ul>\n<li>P\u0159izp\u016fsoben\u00ed <a href=\"https:\/\/www.archibaldcity.cz\/\">https:\/\/www.archibaldcity.cz\/<\/a> p\u0159edvolb\u00e1m zobrazen\u00ed Va\u0161eho za\u0159\u00edzen\u00ed (jazyk, m\u011bna, rozli\u0161en\u00ed zobrazen\u00ed, pou\u017eit\u00fd opera\u010dn\u00ed syst\u00e9m, konfigurace a nastaven\u00ed zobrazen\u00ed webov\u00fdch str\u00e1nek na z\u00e1klad\u011b za\u0159\u00edzen\u00ed, kter\u00e9 pou\u017e\u00edv\u00e1te, a jeho um\u00edst\u011bn\u00ed atd.).<\/li>\n<li>Ukl\u00e1dan\u00ed konkr\u00e9tn\u00edch informac\u00ed, kter\u00e9 zad\u00e1te na <a href=\"https:\/\/www.archibaldcity.cz\/\">https:\/\/www.archibaldcity.cz\/<\/a> , aby usnadnily a p\u0159izp\u016fsobily Va\u0161e n\u00e1sledn\u00e9 n\u00e1v\u0161t\u011bvy (v\u010detn\u011b zobrazen\u00ed jm\u00e9na a p\u0159\u00edjmen\u00ed n\u00e1v\u0161t\u011bvn\u00edka, pokud m\u00e1te u\u017eivatelsk\u00fd \u00fa\u010det).<\/li>\n<li>Umo\u017en\u011bn\u00ed rychlej\u0161\u00edho p\u0159\u00edstup k Va\u0161im osobn\u00edm str\u00e1nk\u00e1m ulo\u017een\u00edm p\u0159ihla\u0161ovac\u00edch \u00fadaj\u016f nebo informac\u00ed, kter\u00e9 jste d\u0159\u00edve zadali.<\/li>\n<\/ul>\n<p><em>Soubory cookie pro sledov\u00e1n\u00ed n\u00e1v\u0161t\u011bvn\u00edk\u016f jsou zam\u011b\u0159eny na zlep\u0161en\u00ed pohodl\u00ed u\u017eivatel\u016f t\u00edm, \u017ee n\u00e1m pom\u00e1haj\u00ed porozum\u011bt Va\u0161im interakc\u00edm s <\/em><a href=\"https:\/\/www.archibaldcity.cz\/\"><em>https:\/\/www.archibaldcity.cz\/<\/em><\/a><em> \u00a0(nejnav\u0161t\u011bvovan\u011bj\u0161\u00ed str\u00e1nky, pou\u017e\u00edvan\u00e9 aplikace atd.); tyto soubory cookie mohou shroma\u017e\u010fovat statistiky nebo testovat r\u016fzn\u00e9 zp\u016fsoby zobrazov\u00e1n\u00ed informac\u00ed s c\u00edlem zlep\u0161it relevanci a pou\u017eitelnost na\u0161ich slu\u017eeb.<\/em><\/p>\n<p><em>Reklamn\u00ed soubory cookie jsou ur\u010deny k tomu, (i) aby V\u00e1m v reklamn\u00edch prostorech nab\u00edzely relevantn\u00ed, c\u00edlen\u00fd obsah, kter\u00fd by V\u00e1s mohl zaj\u00edmat (nejlep\u0161\u00ed nab\u00eddky, jin\u00e9 destinace atd.) na z\u00e1klad\u011b Va\u0161ich z\u00e1jm\u016f, chov\u00e1n\u00ed p\u0159i prohl\u00ed\u017een\u00ed, preferenc\u00ed a dal\u0161\u00edch faktor\u016f, a (ii) sn\u00ed\u017eit po\u010det zobrazen\u00ed reklam.<\/em><\/p>\n<p><em>Partnersk\u00e9 soubory cookie identifikuj\u00ed webov\u00e9 str\u00e1nky t\u0159et\u00edch stran, kter\u00e9 V\u00e1s p\u0159esm\u011brovaly na <\/em><a href=\"https:\/\/www.archibaldcity.cz\/\"><em>https:\/\/www.archibaldcity.cz\/<\/em><\/a><em> .<\/em><\/p>\n<p><em>Soubory cookie soci\u00e1ln\u00edch s\u00edt\u00ed, nastaven\u00e9 t\u0159et\u00edmi stranami, V\u00e1m umo\u017e\u0148uj\u00ed sd\u00edlet V\u00e1\u0161 n\u00e1zor a obsah z <\/em><a href=\"https:\/\/www.archibaldcity.cz\/\"><em>https:\/\/www.archibaldcity.cz\/<\/em><\/a><em> na soci\u00e1ln\u00edch s\u00edt\u00edch (nap\u0159\u00edklad tla\u010d\u00edtka &#8222;Sd\u00edlet&#8220; nebo &#8222;To se mi l\u00edb\u00ed&#8220; pro soci\u00e1ln\u00ed s\u00edt\u011b).<\/em><\/p>\n<p>Aplikace soci\u00e1ln\u00edch s\u00edt\u00ed na <a href=\"https:\/\/www.archibaldcity.cz\/\">https:\/\/www.archibaldcity.cz\/<\/a> , jak je uvedeno v\u00fd\u0161e, mohou v n\u011bkter\u00fdch p\u0159\u00edpadech umo\u017enit dot\u010den\u00fdm soci\u00e1ln\u00edm s\u00edt\u00edm, aby V\u00e1s identifikovaly, i kdy\u017e jste neklikli na tla\u010d\u00edtko aplikace. Tento typ tla\u010d\u00edtka m\u016f\u017ee umo\u017enit soci\u00e1ln\u00ed s\u00edti sledovat Va\u0161e proch\u00e1zen\u00ed na <a href=\"https:\/\/www.archibaldcity.cz\/\">https:\/\/www.archibaldcity.cz\/<\/a> , jednodu\u0161e proto, \u017ee V\u00e1\u0161 \u00fa\u010det v p\u0159\u00edslu\u0161n\u00e9 soci\u00e1ln\u00ed s\u00edti je povolen na Va\u0161em za\u0159\u00edzen\u00ed (otev\u0159en\u00e1 relace) p\u0159i proch\u00e1zen\u00ed.<\/p>\n<p>Doporu\u010dujeme, abyste si p\u0159e\u010detli z\u00e1sady t\u011bchto soci\u00e1ln\u00edch s\u00edt\u00ed a sezn\u00e1mili se s t\u00edm, jak pou\u017e\u00edvaj\u00ed informace o prohl\u00ed\u017een\u00ed, kter\u00e9 mohou shroma\u017e\u010fovat, zejm\u00e9na pokud jde o reklamu. Tyto podm\u00ednky V\u00e1m mus\u00ed konkr\u00e9tn\u011b umo\u017e\u0148ovat nastaven\u00ed volby na t\u011bchto soci\u00e1ln\u00edch s\u00edt\u00edch, p\u0159edev\u0161\u00edm nastaven\u00edm Va\u0161ich u\u017eivatelsk\u00fdch \u00fa\u010dt\u016f pro ka\u017edou z nich.<\/p>\n<p>&nbsp;<\/p>\n<ul>\n<li><strong>Souhlas<\/strong><\/li>\n<\/ul>\n<p>Instalace vybran\u00fdch soubor\u016f cookie podl\u00e9h\u00e1 Va\u0161emu souhlasu. P\u0159i prvn\u00ed n\u00e1v\u0161t\u011bv\u011b <a href=\"https:\/\/www.archibaldcity.cz\/\">https:\/\/www.archibaldcity.cz\/<\/a> , budete dot\u00e1z\u00e1ni, zda souhlas\u00edte s instalac\u00ed tohoto typu souboru cookie, kter\u00fd je aktivov\u00e1n a\u017e po Va\u0161em p\u0159ijet\u00ed.<\/p>\n<p>Tento proces je podporov\u00e1n prost\u0159ednictv\u00edm informa\u010dn\u00edho banneru na domovsk\u00e9 str\u00e1nce <a href=\"https:\/\/www.archibaldcity.cz\/\">https:\/\/www.archibaldcity.cz\/<\/a> , kter\u00fd V\u00e1s informuje, \u017ee pokra\u010dov\u00e1n\u00edm v proch\u00e1zen\u00ed souhlas\u00edte s instalac\u00ed soubor\u016f cookie, kter\u00e9 vy\u017eaduj\u00ed souhlas na Va\u0161em za\u0159\u00edzen\u00ed. Sv\u016fj n\u00e1zor m\u016f\u017eete kdykoli zm\u011bnit pomoc\u00ed r\u016fzn\u00fdch metod popsan\u00fdch v \u010d\u00e1sti &#8222;Smaz\u00e1n\u00ed a\/nebo zablokov\u00e1n\u00ed cookies&#8220;.<\/p>\n<div id=\"macaron_inline_cookie_box\"><\/div>\n<p>&nbsp;<\/p>\n<ul>\n<li><strong>Smaz\u00e1n\u00ed a \/nebo zablokovan\u00ed cookies<\/strong><\/li>\n<\/ul>\n<p>M\u00e1te n\u011bkolik mo\u017enost\u00ed pro smaz\u00e1n\u00ed cookies a jin\u00fdch sledovac\u00edch technologi\u00ed.<\/p>\n<p><strong>Nastaven\u00ed prohl\u00ed\u017ee\u010de<\/strong><\/p>\n<p>A\u010dkoli v\u011bt\u0161ina prohl\u00ed\u017ee\u010d\u016f je standardn\u011b nastavena tak, aby akceptovala soubory cookies, m\u016f\u017eete si nastavit dle Va\u0161ich preferenc\u00ed, zda chcete p\u0159ij\u00edmat v\u0161echny soubory cookies, v\u017edy blokovat cookies nebo vybrat, kter\u00e9 cookies chcete akceptovat na z\u00e1klad\u011b jejich odes\u00edlatel\u016f.<\/p>\n<p>Sv\u016fj prohl\u00ed\u017ee\u010d m\u016f\u017eete tak\u00e9 nastavit tak, aby p\u0159ij\u00edmal nebo blokoval soubory cookie dle konkr\u00e9tn\u00edch p\u0159\u00edpad\u016f p\u0159ed jejich instalac\u00ed. V\u00e1\u0161 prohl\u00ed\u017ee\u010d V\u00e1m tak\u00e9 umo\u017e\u0148uje pravideln\u011b mazat soubory cookie z Va\u0161eho za\u0159\u00edzen\u00ed. Nezapome\u0148te nakonfigurovat v\u0161echny prohl\u00ed\u017ee\u010de v r\u016fzn\u00fdch za\u0159\u00edzen\u00edch (tablety, smartphony, po\u010d\u00edta\u010de atd.).<\/p>\n<p>Pokud jde o spr\u00e1vu soubor\u016f cookie a Va\u0161e preference, konfigurace se li\u0161\u00ed pro ka\u017ed\u00fd prohl\u00ed\u017ee\u010d. To je pops\u00e1no v nab\u00eddce N\u00e1pov\u011bda Va\u0161eho prohl\u00ed\u017ee\u010de, stejn\u011b jako jak upravit Va\u0161e preference t\u00fdkaj\u00edc\u00ed se soubor\u016f cookie. Nap\u0159\u00edklad:<\/p>\n<ul>\n<li>Pro Microsoft Edge\u2122:<br \/>\n<a href=\"https:\/\/support.microsoft.com\/en-us\/windows\/microsoft-edge-browsing-data-and-privacy-bb8174ba-9d73-dcf2-9b4a-c582b4e640dd\">https:\/\/support.microsoft.com\/en-us\/windows\/microsoft-edge-browsing-data-and-privacy-bb8174ba-9d73-dcf2-9b4a-c582b4e640dd<\/a><\/li>\n<li>Pro Safari\u2122: <a href=\"https:\/\/support.apple.com\/guide\/safari\/manage-cookies-and-website-data-sfri11471\/mac\">https:\/\/support.apple.com\/guide\/safari\/manage-cookies-and-website-data-sfri11471\/mac<\/a><\/li>\n<li>Pro Chrome\u2122:<br \/>\n<u>https:\/\/support.google.com\/chrome\/answer\/95647<\/u><\/li>\n<li>Pro Firefox\u2122:<br \/>\n<a href=\"https:\/\/support.mozilla.org\/en-US\/kb\/block-websites-storing-cookies-site-data-firefox\">https:\/\/support.mozilla.org\/en-US\/kb\/block-websites-storing-cookies-site-data-firefox<\/a><\/li>\n<li>Pro Operu\u2122:<br \/>\n<a href=\"https:\/\/help.opera.com\/en\/latest\/web-preferences\/#cookies\">https:\/\/help.opera.com\/en\/latest\/web-preferences\/#cookies<\/a><\/li>\n<\/ul>\n<p>Ulo\u017een\u00ed cookies do Va\u0161eho za\u0159\u00edzen\u00ed z\u00e1vis\u00ed na Va\u0161ich preferenc\u00edch, kter\u00e9 m\u016f\u017eete kdykoliv bezplatn\u011b zm\u011bnit pomoc\u00ed nastaven\u00ed nab\u00edzen\u00fdch softwarem Va\u0161eho prohl\u00ed\u017ee\u010de.<\/p>\n<p>Pokud je V\u00e1\u0161 prohl\u00ed\u017ee\u010d nastaven tak, aby akceptoval soubory cookies ve Va\u0161em za\u0159\u00edzen\u00ed, soubory cookie vlo\u017een\u00e9 do str\u00e1nek a obsahu, kter\u00fd si prohl\u00ed\u017e\u00edte, mohou b\u00fdt do\u010dasn\u011b ulo\u017eeny ve vyhrazen\u00e9m prostoru ve Va\u0161em za\u0159\u00edzen\u00ed. Mohou b\u00fdt p\u0159e\u010dteny pouze jejich vydavatelem.<\/p>\n<p>Nicm\u00e9n\u011b sv\u016fj prohl\u00ed\u017ee\u010d m\u016f\u017eete nastavit tak, aby blokoval soubory cookies. Vezm\u011bte pros\u00edm v potaz, \u017ee pokud nastav\u00edte sv\u016fj prohl\u00ed\u017ee\u010d k blokaci cookies, n\u011bkter\u00e9 funkce a str\u00e1nky na \u00a0<a href=\"https:\/\/www.archibaldcity.cz\/\">https:\/\/www.archibaldcity.cz\/<\/a> nebudou dostupn\u00e9 a v dan\u00e9m p\u0159\u00edpad\u011b za to neneseme odpov\u011bdnost.<\/p>\n<p><strong>Specializovan\u00e9 reklamn\u00ed platformy<\/strong><\/p>\n<p>N\u011bkolik profesion\u00e1ln\u00edch reklamn\u00edch platforem V\u00e1m tak\u00e9 d\u00e1v\u00e1 mo\u017enost p\u0159ijmout nebo zablokovat soubory cookie pou\u017e\u00edvan\u00e9 spole\u010dnostmi, kter\u00e9 jsou \u010dleny. Tyto centralizovan\u00e9 mechanismy neblokuj\u00ed zobrazov\u00e1n\u00ed reklam; jednodu\u0161e zabra\u0148uj\u00ed instalaci soubor\u016f cookie, kter\u00e9 p\u0159izp\u016fsobuj\u00ed reklamy Va\u0161im z\u00e1jm\u016fm.<\/p>\n<p>M\u016f\u017eete nap\u0159\u00edklad nav\u0161t\u00edvit webov\u00e9 str\u00e1nky<a href=\"http:\/\/www.youronlinechoices.com\/\"> http:\/\/www.youronlinechoices.com<\/a> a zak\u00e1zat instalaci t\u011bchto soubor\u016f cookies do Va\u0161eho za\u0159\u00edzen\u00ed. Tato webov\u00e1 str\u00e1nka je nab\u00edzena profesion\u00e1ly v oblasti digit\u00e1ln\u00ed reklamy, kte\u0159\u00ed se sdru\u017euj\u00ed v r\u00e1mci Evropsk\u00e9 aliance pro digit\u00e1ln\u00ed reklamu (EDAA) a je spravov\u00e1na ve Francii spole\u010dnost\u00ed Interactive Advertising Bureau France.<\/p>\n<p>&nbsp;<\/p>\n","protected":false},"excerpt":{"rendered":"<p>Pou\u017eit\u00ed cookies hotelem Archibald City provozovan\u00fdm spole\u010dnost\u00ed Archibald Net s.r.o.. Upozor\u0148ujeme, \u017ee hotel Archibald City pou\u017e\u00edv\u00e1 na sv\u00e9 webov\u00e9 str\u00e1nce https:\/\/www.archibaldcity.cz\/ soubory cookie nebo dal\u0161\u00ed sledovac\u00ed n\u00e1stroje. Tyto sledovac\u00ed n\u00e1stroje mohou b\u00fdt nainstalov\u00e1ny na Va\u0161em za\u0159\u00edzen\u00ed v z\u00e1vislosti na p\u0159edvolen\u00fdch preferenc\u00ed, s nimi\u017e jste vyj\u00e1d\u0159ili souhlas nebo m\u016f\u017eete kdykoli vyj\u00e1d\u0159it souhlas v souladu s t\u011bmito [&hellip;]<\/p>\n","protected":false},"author":7,"featured_media":0,"parent":0,"menu_order":0,"comment_status":"closed","ping_status":"closed","template":"","meta":{"footnotes":""},"class_list":["post-222","page","type-page","status-publish","hentry"],"yoast_head":"<!-- This site is optimized with the Yoast SEO plugin v26.9 - https:\/\/yoast.com\/product\/yoast-seo-wordpress\/ -->\n<title>Cookies a podm\u00ednky pou\u017e\u00edv\u00e1n\u00ed - Archibald City Hotel<\/title>\n<meta name=\"robots\" content=\"index, follow, max-snippet:-1, max-image-preview:large, max-video-preview:-1\" \/>\n<link rel=\"canonical\" href=\"https:\/\/www.archibaldcity.cz\/cs\/cookie-policy-preferences\/\" \/>\n<meta property=\"og:locale\" content=\"cs_CZ\" \/>\n<meta property=\"og:type\" content=\"article\" \/>\n<meta property=\"og:title\" content=\"Cookies a podm\u00ednky pou\u017e\u00edv\u00e1n\u00ed - Archibald City Hotel\" \/>\n<meta property=\"og:description\" content=\"Pou\u017eit\u00ed cookies hotelem Archibald City provozovan\u00fdm spole\u010dnost\u00ed Archibald Net s.r.o.. Upozor\u0148ujeme, \u017ee hotel Archibald City pou\u017e\u00edv\u00e1 na sv\u00e9 webov\u00e9 str\u00e1nce https:\/\/www.archibaldcity.cz\/ soubory cookie nebo dal\u0161\u00ed sledovac\u00ed n\u00e1stroje. Tyto sledovac\u00ed n\u00e1stroje mohou b\u00fdt nainstalov\u00e1ny na Va\u0161em za\u0159\u00edzen\u00ed v z\u00e1vislosti na p\u0159edvolen\u00fdch preferenc\u00ed, s nimi\u017e jste vyj\u00e1d\u0159ili souhlas nebo m\u016f\u017eete kdykoli vyj\u00e1d\u0159it souhlas v souladu s t\u011bmito [&hellip;]\" \/>\n<meta property=\"og:url\" content=\"https:\/\/www.archibaldcity.cz\/cs\/cookie-policy-preferences\/\" \/>\n<meta property=\"og:site_name\" content=\"Archibald City Hotel\" \/>\n<meta property=\"article:modified_time\" content=\"2022-06-28T12:12:03+00:00\" \/>\n<meta name=\"twitter:card\" content=\"summary_large_image\" \/>\n<meta name=\"twitter:label1\" content=\"Odhadovan\u00e1 doba \u010dten\u00ed\" \/>\n\t<meta name=\"twitter:data1\" content=\"5 minut\" \/>\n<script type=\"application\/ld+json\" class=\"yoast-schema-graph\">{\"@context\":\"https:\/\/schema.org\",\"@graph\":[{\"@type\":\"WebPage\",\"@id\":\"https:\/\/www.archibaldcity.cz\/cs\/cookie-policy-preferences\/\",\"url\":\"https:\/\/www.archibaldcity.cz\/cs\/cookie-policy-preferences\/\",\"name\":\"Cookies a podm\u00ednky pou\u017e\u00edv\u00e1n\u00ed - Archibald City Hotel\",\"isPartOf\":{\"@id\":\"https:\/\/www.archibaldcity.cz\/cs\/#website\"},\"datePublished\":\"2021-07-05T12:29:15+00:00\",\"dateModified\":\"2022-06-28T12:12:03+00:00\",\"breadcrumb\":{\"@id\":\"https:\/\/www.archibaldcity.cz\/cs\/cookie-policy-preferences\/#breadcrumb\"},\"inLanguage\":\"cs\",\"potentialAction\":[{\"@type\":\"ReadAction\",\"target\":[\"https:\/\/www.archibaldcity.cz\/cs\/cookie-policy-preferences\/\"]}]},{\"@type\":\"BreadcrumbList\",\"@id\":\"https:\/\/www.archibaldcity.cz\/cs\/cookie-policy-preferences\/#breadcrumb\",\"itemListElement\":[{\"@type\":\"ListItem\",\"position\":1,\"name\":\"Home\",\"item\":\"https:\/\/www.archibaldcity.cz\/cs\/\"},{\"@type\":\"ListItem\",\"position\":2,\"name\":\"Cookies a podm\u00ednky pou\u017e\u00edv\u00e1n\u00ed\"}]},{\"@type\":\"WebSite\",\"@id\":\"https:\/\/www.archibaldcity.cz\/cs\/#website\",\"url\":\"https:\/\/www.archibaldcity.cz\/cs\/\",\"name\":\"Archibald City Hotel\",\"description\":\"Just another ms.decms.eu site\",\"potentialAction\":[{\"@type\":\"SearchAction\",\"target\":{\"@type\":\"EntryPoint\",\"urlTemplate\":\"https:\/\/www.archibaldcity.cz\/cs\/?s={search_term_string}\"},\"query-input\":{\"@type\":\"PropertyValueSpecification\",\"valueRequired\":true,\"valueName\":\"search_term_string\"}}],\"inLanguage\":\"cs\"}]}<\/script>\n<!-- \/ Yoast SEO plugin. -->","yoast_head_json":{"title":"Cookies a podm\u00ednky pou\u017e\u00edv\u00e1n\u00ed - Archibald City Hotel","robots":{"index":"index","follow":"follow","max-snippet":"max-snippet:-1","max-image-preview":"max-image-preview:large","max-video-preview":"max-video-preview:-1"},"canonical":"https:\/\/www.archibaldcity.cz\/cs\/cookie-policy-preferences\/","og_locale":"cs_CZ","og_type":"article","og_title":"Cookies a podm\u00ednky pou\u017e\u00edv\u00e1n\u00ed - Archibald City Hotel","og_description":"Pou\u017eit\u00ed cookies hotelem Archibald City provozovan\u00fdm spole\u010dnost\u00ed Archibald Net s.r.o.. Upozor\u0148ujeme, \u017ee hotel Archibald City pou\u017e\u00edv\u00e1 na sv\u00e9 webov\u00e9 str\u00e1nce https:\/\/www.archibaldcity.cz\/ soubory cookie nebo dal\u0161\u00ed sledovac\u00ed n\u00e1stroje. Tyto sledovac\u00ed n\u00e1stroje mohou b\u00fdt nainstalov\u00e1ny na Va\u0161em za\u0159\u00edzen\u00ed v z\u00e1vislosti na p\u0159edvolen\u00fdch preferenc\u00ed, s nimi\u017e jste vyj\u00e1d\u0159ili souhlas nebo m\u016f\u017eete kdykoli vyj\u00e1d\u0159it souhlas v souladu s t\u011bmito [&hellip;]","og_url":"https:\/\/www.archibaldcity.cz\/cs\/cookie-policy-preferences\/","og_site_name":"Archibald City Hotel","article_modified_time":"2022-06-28T12:12:03+00:00","twitter_card":"summary_large_image","twitter_misc":{"Odhadovan\u00e1 doba \u010dten\u00ed":"5 minut"},"schema":{"@context":"https:\/\/schema.org","@graph":[{"@type":"WebPage","@id":"https:\/\/www.archibaldcity.cz\/cs\/cookie-policy-preferences\/","url":"https:\/\/www.archibaldcity.cz\/cs\/cookie-policy-preferences\/","name":"Cookies a podm\u00ednky pou\u017e\u00edv\u00e1n\u00ed - Archibald City Hotel","isPartOf":{"@id":"https:\/\/www.archibaldcity.cz\/cs\/#website"},"datePublished":"2021-07-05T12:29:15+00:00","dateModified":"2022-06-28T12:12:03+00:00","breadcrumb":{"@id":"https:\/\/www.archibaldcity.cz\/cs\/cookie-policy-preferences\/#breadcrumb"},"inLanguage":"cs","potentialAction":[{"@type":"ReadAction","target":["https:\/\/www.archibaldcity.cz\/cs\/cookie-policy-preferences\/"]}]},{"@type":"BreadcrumbList","@id":"https:\/\/www.archibaldcity.cz\/cs\/cookie-policy-preferences\/#breadcrumb","itemListElement":[{"@type":"ListItem","position":1,"name":"Home","item":"https:\/\/www.archibaldcity.cz\/cs\/"},{"@type":"ListItem","position":2,"name":"Cookies a podm\u00ednky pou\u017e\u00edv\u00e1n\u00ed"}]},{"@type":"WebSite","@id":"https:\/\/www.archibaldcity.cz\/cs\/#website","url":"https:\/\/www.archibaldcity.cz\/cs\/","name":"Archibald City Hotel","description":"Just another ms.decms.eu site","potentialAction":[{"@type":"SearchAction","target":{"@type":"EntryPoint","urlTemplate":"https:\/\/www.archibaldcity.cz\/cs\/?s={search_term_string}"},"query-input":{"@type":"PropertyValueSpecification","valueRequired":true,"valueName":"search_term_string"}}],"inLanguage":"cs"}]}},"acf":[],"_links":{"self":[{"href":"https:\/\/www.archibaldcity.cz\/cs\/wp-json\/wp\/v2\/pages\/222","targetHints":{"allow":["GET"]}}],"collection":[{"href":"https:\/\/www.archibaldcity.cz\/cs\/wp-json\/wp\/v2\/pages"}],"about":[{"href":"https:\/\/www.archibaldcity.cz\/cs\/wp-json\/wp\/v2\/types\/page"}],"author":[{"embeddable":true,"href":"https:\/\/www.archibaldcity.cz\/cs\/wp-json\/wp\/v2\/users\/7"}],"replies":[{"embeddable":true,"href":"https:\/\/www.archibaldcity.cz\/cs\/wp-json\/wp\/v2\/comments?post=222"}],"version-history":[{"count":0,"href":"https:\/\/www.archibaldcity.cz\/cs\/wp-json\/wp\/v2\/pages\/222\/revisions"}],"wp:attachment":[{"href":"https:\/\/www.archibaldcity.cz\/cs\/wp-json\/wp\/v2\/media?parent=222"}],"curies":[{"name":"wp","href":"https:\/\/api.w.org\/{rel}","templated":true}]}}