{"id":26,"date":"2020-09-08T14:03:47","date_gmt":"2020-09-08T14:03:47","guid":{"rendered":"http:\/\/archibald-city-hotel.ms.decms.eu\/?page_id=26"},"modified":"2020-12-10T15:08:07","modified_gmt":"2020-12-10T15:08:07","slug":"poloha","status":"publish","type":"page","link":"https:\/\/www.archibaldcity.cz\/cs\/poloha\/","title":{"rendered":"Poloha"},"content":{"rendered":"<p style=\"text-align: center\">Hotel Archibald City je velmi p\u0159\u00edhodn\u011b um\u00edst\u011bn v t\u00e9 nejatraktivn\u011bj\u0161\u00ed \u010d\u00e1sti Prahy. Nach\u00e1z\u00ed se pouh\u00fdch 150 metr\u016f od V\u00e1clavsk\u00e9ho n\u00e1m\u011bst\u00ed, tak\u017ee budete ubytov\u00e1ni v sam\u00e9m srdci Prahy.<\/p>\n<p style=\"text-align: center\">\u017ditn\u00e1 1319\/33, 110 00 Praha 1<br \/>\n\u010cesk\u00e1 republika<br \/>\n<strong>Tel.<\/strong>:<a href=\"tel:+420234652800\">+420 234 652 800<\/a><br \/>\n<strong>E-mail:<\/strong>\u00a0<a href=\"mailto:infoacity@archibald.cz\">infoacity@archibald.cz<\/a><br \/>\n<strong>GPS:<\/strong>\u00a050.0774111, 14.4268553<\/p>\n","protected":false},"excerpt":{"rendered":"<p>Hotel Archibald City je velmi p\u0159\u00edhodn\u011b um\u00edst\u011bn v t\u00e9 nejatraktivn\u011bj\u0161\u00ed \u010d\u00e1sti Prahy. Nach\u00e1z\u00ed se pouh\u00fdch 150 metr\u016f od V\u00e1clavsk\u00e9ho n\u00e1m\u011bst\u00ed, tak\u017ee budete ubytov\u00e1ni v sam\u00e9m srdci Prahy. \u017ditn\u00e1 1319\/33, 110 00 Praha 1 \u010cesk\u00e1 republika Tel.:+420 234 652 800 E-mail:\u00a0infoacity@archibald.cz GPS:\u00a050.0774111, 14.4268553<\/p>\n","protected":false},"author":4,"featured_media":0,"parent":0,"menu_order":40,"comment_status":"closed","ping_status":"closed","template":"template-location.php","meta":{"footnotes":""},"class_list":["post-26","page","type-page","status-publish","hentry"],"yoast_head":"<!-- This site is optimized with the Yoast SEO plugin v26.9 - https:\/\/yoast.com\/product\/yoast-seo-wordpress\/ -->\n<title>Poloha - Archibald City Hotel<\/title>\n<meta name=\"robots\" content=\"index, follow, max-snippet:-1, max-image-preview:large, max-video-preview:-1\" \/>\n<link rel=\"canonical\" href=\"https:\/\/www.archibaldcity.cz\/cs\/poloha\/\" \/>\n<meta property=\"og:locale\" content=\"cs_CZ\" \/>\n<meta property=\"og:type\" content=\"article\" \/>\n<meta property=\"og:title\" content=\"Poloha - Archibald City Hotel\" \/>\n<meta property=\"og:description\" content=\"Hotel Archibald City je velmi p\u0159\u00edhodn\u011b um\u00edst\u011bn v t\u00e9 nejatraktivn\u011bj\u0161\u00ed \u010d\u00e1sti Prahy. Nach\u00e1z\u00ed se pouh\u00fdch 150 metr\u016f od V\u00e1clavsk\u00e9ho n\u00e1m\u011bst\u00ed, tak\u017ee budete ubytov\u00e1ni v sam\u00e9m srdci Prahy. \u017ditn\u00e1 1319\/33, 110 00 Praha 1 \u010cesk\u00e1 republika Tel.:+420 234 652 800 E-mail:\u00a0infoacity@archibald.cz GPS:\u00a050.0774111, 14.4268553\" \/>\n<meta property=\"og:url\" content=\"https:\/\/www.archibaldcity.cz\/cs\/poloha\/\" \/>\n<meta property=\"og:site_name\" content=\"Archibald City Hotel\" \/>\n<meta property=\"article:modified_time\" content=\"2020-12-10T15:08:07+00:00\" \/>\n<meta name=\"twitter:card\" content=\"summary_large_image\" \/>\n<script type=\"application\/ld+json\" class=\"yoast-schema-graph\">{\"@context\":\"https:\/\/schema.org\",\"@graph\":[{\"@type\":\"WebPage\",\"@id\":\"https:\/\/www.archibaldcity.cz\/cs\/poloha\/\",\"url\":\"https:\/\/www.archibaldcity.cz\/cs\/poloha\/\",\"name\":\"Poloha - Archibald City Hotel\",\"isPartOf\":{\"@id\":\"https:\/\/www.archibaldcity.cz\/cs\/#website\"},\"datePublished\":\"2020-09-08T14:03:47+00:00\",\"dateModified\":\"2020-12-10T15:08:07+00:00\",\"breadcrumb\":{\"@id\":\"https:\/\/www.archibaldcity.cz\/cs\/poloha\/#breadcrumb\"},\"inLanguage\":\"cs\",\"potentialAction\":[{\"@type\":\"ReadAction\",\"target\":[\"https:\/\/www.archibaldcity.cz\/cs\/poloha\/\"]}]},{\"@type\":\"BreadcrumbList\",\"@id\":\"https:\/\/www.archibaldcity.cz\/cs\/poloha\/#breadcrumb\",\"itemListElement\":[{\"@type\":\"ListItem\",\"position\":1,\"name\":\"Home\",\"item\":\"https:\/\/www.archibaldcity.cz\/cs\/\"},{\"@type\":\"ListItem\",\"position\":2,\"name\":\"Poloha\"}]},{\"@type\":\"WebSite\",\"@id\":\"https:\/\/www.archibaldcity.cz\/cs\/#website\",\"url\":\"https:\/\/www.archibaldcity.cz\/cs\/\",\"name\":\"Archibald City Hotel\",\"description\":\"Just another ms.decms.eu site\",\"potentialAction\":[{\"@type\":\"SearchAction\",\"target\":{\"@type\":\"EntryPoint\",\"urlTemplate\":\"https:\/\/www.archibaldcity.cz\/cs\/?s={search_term_string}\"},\"query-input\":{\"@type\":\"PropertyValueSpecification\",\"valueRequired\":true,\"valueName\":\"search_term_string\"}}],\"inLanguage\":\"cs\"}]}<\/script>\n<!-- \/ Yoast SEO plugin. -->","yoast_head_json":{"title":"Poloha - Archibald City Hotel","robots":{"index":"index","follow":"follow","max-snippet":"max-snippet:-1","max-image-preview":"max-image-preview:large","max-video-preview":"max-video-preview:-1"},"canonical":"https:\/\/www.archibaldcity.cz\/cs\/poloha\/","og_locale":"cs_CZ","og_type":"article","og_title":"Poloha - Archibald City Hotel","og_description":"Hotel Archibald City je velmi p\u0159\u00edhodn\u011b um\u00edst\u011bn v t\u00e9 nejatraktivn\u011bj\u0161\u00ed \u010d\u00e1sti Prahy. Nach\u00e1z\u00ed se pouh\u00fdch 150 metr\u016f od V\u00e1clavsk\u00e9ho n\u00e1m\u011bst\u00ed, tak\u017ee budete ubytov\u00e1ni v sam\u00e9m srdci Prahy. \u017ditn\u00e1 1319\/33, 110 00 Praha 1 \u010cesk\u00e1 republika Tel.:+420 234 652 800 E-mail:\u00a0infoacity@archibald.cz GPS:\u00a050.0774111, 14.4268553","og_url":"https:\/\/www.archibaldcity.cz\/cs\/poloha\/","og_site_name":"Archibald City Hotel","article_modified_time":"2020-12-10T15:08:07+00:00","twitter_card":"summary_large_image","schema":{"@context":"https:\/\/schema.org","@graph":[{"@type":"WebPage","@id":"https:\/\/www.archibaldcity.cz\/cs\/poloha\/","url":"https:\/\/www.archibaldcity.cz\/cs\/poloha\/","name":"Poloha - Archibald City Hotel","isPartOf":{"@id":"https:\/\/www.archibaldcity.cz\/cs\/#website"},"datePublished":"2020-09-08T14:03:47+00:00","dateModified":"2020-12-10T15:08:07+00:00","breadcrumb":{"@id":"https:\/\/www.archibaldcity.cz\/cs\/poloha\/#breadcrumb"},"inLanguage":"cs","potentialAction":[{"@type":"ReadAction","target":["https:\/\/www.archibaldcity.cz\/cs\/poloha\/"]}]},{"@type":"BreadcrumbList","@id":"https:\/\/www.archibaldcity.cz\/cs\/poloha\/#breadcrumb","itemListElement":[{"@type":"ListItem","position":1,"name":"Home","item":"https:\/\/www.archibaldcity.cz\/cs\/"},{"@type":"ListItem","position":2,"name":"Poloha"}]},{"@type":"WebSite","@id":"https:\/\/www.archibaldcity.cz\/cs\/#website","url":"https:\/\/www.archibaldcity.cz\/cs\/","name":"Archibald City Hotel","description":"Just another ms.decms.eu site","potentialAction":[{"@type":"SearchAction","target":{"@type":"EntryPoint","urlTemplate":"https:\/\/www.archibaldcity.cz\/cs\/?s={search_term_string}"},"query-input":{"@type":"PropertyValueSpecification","valueRequired":true,"valueName":"search_term_string"}}],"inLanguage":"cs"}]}},"acf":[],"_links":{"self":[{"href":"https:\/\/www.archibaldcity.cz\/cs\/wp-json\/wp\/v2\/pages\/26","targetHints":{"allow":["GET"]}}],"collection":[{"href":"https:\/\/www.archibaldcity.cz\/cs\/wp-json\/wp\/v2\/pages"}],"about":[{"href":"https:\/\/www.archibaldcity.cz\/cs\/wp-json\/wp\/v2\/types\/page"}],"author":[{"embeddable":true,"href":"https:\/\/www.archibaldcity.cz\/cs\/wp-json\/wp\/v2\/users\/4"}],"replies":[{"embeddable":true,"href":"https:\/\/www.archibaldcity.cz\/cs\/wp-json\/wp\/v2\/comments?post=26"}],"version-history":[{"count":0,"href":"https:\/\/www.archibaldcity.cz\/cs\/wp-json\/wp\/v2\/pages\/26\/revisions"}],"wp:attachment":[{"href":"https:\/\/www.archibaldcity.cz\/cs\/wp-json\/wp\/v2\/media?parent=26"}],"curies":[{"name":"wp","href":"https:\/\/api.w.org\/{rel}","templated":true}]}}