{"id":3,"date":"2020-08-11T07:44:29","date_gmt":"2020-08-11T07:44:29","guid":{"rendered":"http:\/\/archibald-city-hotel.ms.decms.eu\/?page_id=3"},"modified":"2020-12-10T14:15:01","modified_gmt":"2020-12-10T14:15:01","slug":"archibald-city-hotel","status":"publish","type":"page","link":"https:\/\/www.archibaldcity.cz\/cs\/","title":{"rendered":"Archibald City hotel"},"content":{"rendered":"<p>Hotel Archibald City je velmi p\u0159\u00edhodn\u011b um\u00edst\u011bn v t\u00e9 nejatraktivn\u011bj\u0161\u00ed \u010d\u00e1sti Prahy. Nach\u00e1z\u00ed se pouh\u00fdch 150 metr\u016f od V\u00e1clavsk\u00e9ho n\u00e1m\u011bst\u00ed, tak\u017ee budete ubytov\u00e1ni v sam\u00e9m srdci Prahy.<\/p>\n<p>C\u00edlem hotelu je pln\u011b uspokojit v\u0161echny pot\u0159eby a p\u0159\u00e1n\u00ed host\u016f a nab\u00eddnout jim maxim\u00e1ln\u00ed pohodl\u00ed. Mezi nejd\u016fle\u017eit\u011bj\u0161\u00ed standardy hotelu Archibald City pat\u0159\u00ed vynikaj\u00edc\u00ed poloha hotelu v centru Prahy, bezpe\u010dnost klient\u016f, vysoce kvalitn\u00ed ubytov\u00e1n\u00ed a kvalitn\u00ed slu\u017eby, vysokorychlostn\u00ed WiFi p\u0159ipojen\u00ed k internetu zdarma a nonstop recep\u010dn\u00ed slu\u017eba.<\/p>\n","protected":false},"excerpt":{"rendered":"<p>Hotel Archibald City je velmi p\u0159\u00edhodn\u011b um\u00edst\u011bn v t\u00e9 nejatraktivn\u011bj\u0161\u00ed \u010d\u00e1sti Prahy. Nach\u00e1z\u00ed se pouh\u00fdch 150 metr\u016f od V\u00e1clavsk\u00e9ho n\u00e1m\u011bst\u00ed, tak\u017ee budete ubytov\u00e1ni v sam\u00e9m srdci Prahy. C\u00edlem hotelu je pln\u011b uspokojit v\u0161echny pot\u0159eby a p\u0159\u00e1n\u00ed host\u016f a nab\u00eddnout jim maxim\u00e1ln\u00ed pohodl\u00ed. Mezi nejd\u016fle\u017eit\u011bj\u0161\u00ed standardy hotelu Archibald City pat\u0159\u00ed vynikaj\u00edc\u00ed poloha hotelu v centru Prahy, [&hellip;]<\/p>\n","protected":false},"author":4,"featured_media":0,"parent":0,"menu_order":0,"comment_status":"closed","ping_status":"closed","template":"","meta":{"footnotes":""},"class_list":["post-3","page","type-page","status-publish","hentry"],"yoast_head":"<!-- This site is optimized with the Yoast SEO plugin v26.9 - https:\/\/yoast.com\/product\/yoast-seo-wordpress\/ -->\n<title>Archibald City hotel - Archibald City Hotel<\/title>\n<meta name=\"robots\" content=\"index, follow, max-snippet:-1, max-image-preview:large, max-video-preview:-1\" \/>\n<link rel=\"canonical\" href=\"https:\/\/www.archibaldcity.cz\/cs\/\" \/>\n<meta property=\"og:locale\" content=\"cs_CZ\" \/>\n<meta property=\"og:type\" content=\"article\" \/>\n<meta property=\"og:title\" content=\"Archibald City hotel - Archibald City Hotel\" \/>\n<meta property=\"og:description\" content=\"Hotel Archibald City je velmi p\u0159\u00edhodn\u011b um\u00edst\u011bn v t\u00e9 nejatraktivn\u011bj\u0161\u00ed \u010d\u00e1sti Prahy. Nach\u00e1z\u00ed se pouh\u00fdch 150 metr\u016f od V\u00e1clavsk\u00e9ho n\u00e1m\u011bst\u00ed, tak\u017ee budete ubytov\u00e1ni v sam\u00e9m srdci Prahy. C\u00edlem hotelu je pln\u011b uspokojit v\u0161echny pot\u0159eby a p\u0159\u00e1n\u00ed host\u016f a nab\u00eddnout jim maxim\u00e1ln\u00ed pohodl\u00ed. Mezi nejd\u016fle\u017eit\u011bj\u0161\u00ed standardy hotelu Archibald City pat\u0159\u00ed vynikaj\u00edc\u00ed poloha hotelu v centru Prahy, [&hellip;]\" \/>\n<meta property=\"og:url\" content=\"https:\/\/www.archibaldcity.cz\/cs\/\" \/>\n<meta property=\"og:site_name\" content=\"Archibald City Hotel\" \/>\n<meta property=\"article:modified_time\" content=\"2020-12-10T14:15:01+00:00\" \/>\n<meta name=\"twitter:card\" content=\"summary_large_image\" \/>\n<meta name=\"twitter:label1\" content=\"Odhadovan\u00e1 doba \u010dten\u00ed\" \/>\n\t<meta name=\"twitter:data1\" content=\"1 minuta\" \/>\n<script type=\"application\/ld+json\" class=\"yoast-schema-graph\">{\"@context\":\"https:\/\/schema.org\",\"@graph\":[{\"@type\":\"WebPage\",\"@id\":\"https:\/\/www.archibaldcity.cz\/cs\/\",\"url\":\"https:\/\/www.archibaldcity.cz\/cs\/\",\"name\":\"Archibald City hotel - Archibald City Hotel\",\"isPartOf\":{\"@id\":\"https:\/\/www.archibaldcity.cz\/cs\/#website\"},\"datePublished\":\"2020-08-11T07:44:29+00:00\",\"dateModified\":\"2020-12-10T14:15:01+00:00\",\"breadcrumb\":{\"@id\":\"https:\/\/www.archibaldcity.cz\/cs\/#breadcrumb\"},\"inLanguage\":\"cs\",\"potentialAction\":[{\"@type\":\"ReadAction\",\"target\":[\"https:\/\/www.archibaldcity.cz\/cs\/\"]}]},{\"@type\":\"BreadcrumbList\",\"@id\":\"https:\/\/www.archibaldcity.cz\/cs\/#breadcrumb\",\"itemListElement\":[{\"@type\":\"ListItem\",\"position\":1,\"name\":\"Home\",\"item\":\"https:\/\/www.archibaldcity.cz\/cs\/\"},{\"@type\":\"ListItem\",\"position\":2,\"name\":\"Archibald City hotel\"}]},{\"@type\":\"WebSite\",\"@id\":\"https:\/\/www.archibaldcity.cz\/cs\/#website\",\"url\":\"https:\/\/www.archibaldcity.cz\/cs\/\",\"name\":\"Archibald City Hotel\",\"description\":\"Just another ms.decms.eu site\",\"potentialAction\":[{\"@type\":\"SearchAction\",\"target\":{\"@type\":\"EntryPoint\",\"urlTemplate\":\"https:\/\/www.archibaldcity.cz\/cs\/?s={search_term_string}\"},\"query-input\":{\"@type\":\"PropertyValueSpecification\",\"valueRequired\":true,\"valueName\":\"search_term_string\"}}],\"inLanguage\":\"cs\"}]}<\/script>\n<!-- \/ Yoast SEO plugin. -->","yoast_head_json":{"title":"Archibald City hotel - Archibald City Hotel","robots":{"index":"index","follow":"follow","max-snippet":"max-snippet:-1","max-image-preview":"max-image-preview:large","max-video-preview":"max-video-preview:-1"},"canonical":"https:\/\/www.archibaldcity.cz\/cs\/","og_locale":"cs_CZ","og_type":"article","og_title":"Archibald City hotel - Archibald City Hotel","og_description":"Hotel Archibald City je velmi p\u0159\u00edhodn\u011b um\u00edst\u011bn v t\u00e9 nejatraktivn\u011bj\u0161\u00ed \u010d\u00e1sti Prahy. Nach\u00e1z\u00ed se pouh\u00fdch 150 metr\u016f od V\u00e1clavsk\u00e9ho n\u00e1m\u011bst\u00ed, tak\u017ee budete ubytov\u00e1ni v sam\u00e9m srdci Prahy. C\u00edlem hotelu je pln\u011b uspokojit v\u0161echny pot\u0159eby a p\u0159\u00e1n\u00ed host\u016f a nab\u00eddnout jim maxim\u00e1ln\u00ed pohodl\u00ed. Mezi nejd\u016fle\u017eit\u011bj\u0161\u00ed standardy hotelu Archibald City pat\u0159\u00ed vynikaj\u00edc\u00ed poloha hotelu v centru Prahy, [&hellip;]","og_url":"https:\/\/www.archibaldcity.cz\/cs\/","og_site_name":"Archibald City Hotel","article_modified_time":"2020-12-10T14:15:01+00:00","twitter_card":"summary_large_image","twitter_misc":{"Odhadovan\u00e1 doba \u010dten\u00ed":"1 minuta"},"schema":{"@context":"https:\/\/schema.org","@graph":[{"@type":"WebPage","@id":"https:\/\/www.archibaldcity.cz\/cs\/","url":"https:\/\/www.archibaldcity.cz\/cs\/","name":"Archibald City hotel - Archibald City Hotel","isPartOf":{"@id":"https:\/\/www.archibaldcity.cz\/cs\/#website"},"datePublished":"2020-08-11T07:44:29+00:00","dateModified":"2020-12-10T14:15:01+00:00","breadcrumb":{"@id":"https:\/\/www.archibaldcity.cz\/cs\/#breadcrumb"},"inLanguage":"cs","potentialAction":[{"@type":"ReadAction","target":["https:\/\/www.archibaldcity.cz\/cs\/"]}]},{"@type":"BreadcrumbList","@id":"https:\/\/www.archibaldcity.cz\/cs\/#breadcrumb","itemListElement":[{"@type":"ListItem","position":1,"name":"Home","item":"https:\/\/www.archibaldcity.cz\/cs\/"},{"@type":"ListItem","position":2,"name":"Archibald City hotel"}]},{"@type":"WebSite","@id":"https:\/\/www.archibaldcity.cz\/cs\/#website","url":"https:\/\/www.archibaldcity.cz\/cs\/","name":"Archibald City Hotel","description":"Just another ms.decms.eu site","potentialAction":[{"@type":"SearchAction","target":{"@type":"EntryPoint","urlTemplate":"https:\/\/www.archibaldcity.cz\/cs\/?s={search_term_string}"},"query-input":{"@type":"PropertyValueSpecification","valueRequired":true,"valueName":"search_term_string"}}],"inLanguage":"cs"}]}},"acf":[],"_links":{"self":[{"href":"https:\/\/www.archibaldcity.cz\/cs\/wp-json\/wp\/v2\/pages\/3","targetHints":{"allow":["GET"]}}],"collection":[{"href":"https:\/\/www.archibaldcity.cz\/cs\/wp-json\/wp\/v2\/pages"}],"about":[{"href":"https:\/\/www.archibaldcity.cz\/cs\/wp-json\/wp\/v2\/types\/page"}],"author":[{"embeddable":true,"href":"https:\/\/www.archibaldcity.cz\/cs\/wp-json\/wp\/v2\/users\/4"}],"replies":[{"embeddable":true,"href":"https:\/\/www.archibaldcity.cz\/cs\/wp-json\/wp\/v2\/comments?post=3"}],"version-history":[{"count":0,"href":"https:\/\/www.archibaldcity.cz\/cs\/wp-json\/wp\/v2\/pages\/3\/revisions"}],"wp:attachment":[{"href":"https:\/\/www.archibaldcity.cz\/cs\/wp-json\/wp\/v2\/media?parent=3"}],"curies":[{"name":"wp","href":"https:\/\/api.w.org\/{rel}","templated":true}]}}