{"id":30,"date":"2020-09-08T14:31:48","date_gmt":"2020-09-08T14:31:48","guid":{"rendered":"http:\/\/archibald-city-hotel.ms.decms.eu\/?page_id=30"},"modified":"2023-09-13T11:57:04","modified_gmt":"2023-09-13T11:57:04","slug":"kontakty","status":"publish","type":"page","link":"https:\/\/www.archibaldcity.cz\/cs\/kontakty\/","title":{"rendered":"Kontakty"},"content":{"rendered":"<p style=\"text-align: center\"><strong>Adresa hotelu<\/strong>: Archibald City, \u017ditn\u00e1 1319\/33, 110 00 Praha 1, \u010cesk\u00e1 republika<br \/>\n<strong>Tel.<\/strong>: <a href=\"tel:00420234652800\">+ 420 234 652 800<\/a><br \/>\n<strong>E-mail<\/strong>: <a href=\"mailto:infoacity@archibald.cz\">infoacity@archibald.cz<\/a><br \/>\n<strong>GPS<\/strong>: 50.0774111, 14.4268553<\/p>\n<p>&nbsp;<\/p>\n<p style=\"text-align: center\"><strong>REZERVACE:<br \/>\nTel.: <\/strong><a href=\"tel:00420234652818\">+ 420 234 652 818<\/a><strong><br \/>\nE-mail: <\/strong><a href=\"mailto:bookingacity@archibald.cz\">bookingacity@archibald.cz<\/a><strong><br \/>\n<\/strong><\/p>\n<p>&nbsp;<\/p>\n<p style=\"text-align: center\"><strong>FAKTURA\u010cN\u00cd \u00daDAJE<\/strong>:<br \/>\n<strong>Archibald Net s.r.o.<\/strong><br \/>\n\u017ditn\u00e1 1319\/33, 110 00 Praha 1, \u010cesk\u00e1 republika<br \/>\nI\u010cO: 264 84 901<br \/>\nDI\u010c: CZ264 84 901<\/p>\n<p style=\"text-align: center\">Registrov\u00e1na u M\u011bstsk\u00e9ho soudu v Praze, odd\u00edl C, vlo\u017eka 85201<\/p>\n<p>&nbsp;<\/p>\n","protected":false},"excerpt":{"rendered":"<p>Adresa hotelu: Archibald City, \u017ditn\u00e1 1319\/33, 110 00 Praha 1, \u010cesk\u00e1 republika Tel.: + 420 234 652 800 E-mail: infoacity@archibald.cz GPS: 50.0774111, 14.4268553 &nbsp; REZERVACE: Tel.: + 420 234 652 818 E-mail: bookingacity@archibald.cz &nbsp; FAKTURA\u010cN\u00cd \u00daDAJE: Archibald Net s.r.o. \u017ditn\u00e1 1319\/33, 110 00 Praha 1, \u010cesk\u00e1 republika I\u010cO: 264 84 901 DI\u010c: CZ264 84 901 [&hellip;]<\/p>\n","protected":false},"author":4,"featured_media":0,"parent":0,"menu_order":60,"comment_status":"closed","ping_status":"closed","template":"template-contact-us.php","meta":{"footnotes":""},"class_list":["post-30","page","type-page","status-publish","hentry"],"yoast_head":"<!-- This site is optimized with the Yoast SEO plugin v26.9 - https:\/\/yoast.com\/product\/yoast-seo-wordpress\/ -->\n<title>Kontakty - Archibald City Hotel<\/title>\n<meta name=\"robots\" content=\"index, follow, max-snippet:-1, max-image-preview:large, max-video-preview:-1\" \/>\n<link rel=\"canonical\" href=\"https:\/\/www.archibaldcity.cz\/cs\/kontakty\/\" \/>\n<meta property=\"og:locale\" content=\"cs_CZ\" \/>\n<meta property=\"og:type\" content=\"article\" \/>\n<meta property=\"og:title\" content=\"Kontakty - Archibald City Hotel\" \/>\n<meta property=\"og:description\" content=\"Adresa hotelu: Archibald City, \u017ditn\u00e1 1319\/33, 110 00 Praha 1, \u010cesk\u00e1 republika Tel.: + 420 234 652 800 E-mail: infoacity@archibald.cz GPS: 50.0774111, 14.4268553 &nbsp; REZERVACE: Tel.: + 420 234 652 818 E-mail: bookingacity@archibald.cz &nbsp; FAKTURA\u010cN\u00cd \u00daDAJE: Archibald Net s.r.o. \u017ditn\u00e1 1319\/33, 110 00 Praha 1, \u010cesk\u00e1 republika I\u010cO: 264 84 901 DI\u010c: CZ264 84 901 [&hellip;]\" \/>\n<meta property=\"og:url\" content=\"https:\/\/www.archibaldcity.cz\/cs\/kontakty\/\" \/>\n<meta property=\"og:site_name\" content=\"Archibald City Hotel\" \/>\n<meta property=\"article:modified_time\" content=\"2023-09-13T11:57:04+00:00\" \/>\n<meta name=\"twitter:card\" content=\"summary_large_image\" \/>\n<script type=\"application\/ld+json\" class=\"yoast-schema-graph\">{\"@context\":\"https:\/\/schema.org\",\"@graph\":[{\"@type\":\"WebPage\",\"@id\":\"https:\/\/www.archibaldcity.cz\/cs\/kontakty\/\",\"url\":\"https:\/\/www.archibaldcity.cz\/cs\/kontakty\/\",\"name\":\"Kontakty - Archibald City Hotel\",\"isPartOf\":{\"@id\":\"https:\/\/www.archibaldcity.cz\/cs\/#website\"},\"datePublished\":\"2020-09-08T14:31:48+00:00\",\"dateModified\":\"2023-09-13T11:57:04+00:00\",\"breadcrumb\":{\"@id\":\"https:\/\/www.archibaldcity.cz\/cs\/kontakty\/#breadcrumb\"},\"inLanguage\":\"cs\",\"potentialAction\":[{\"@type\":\"ReadAction\",\"target\":[\"https:\/\/www.archibaldcity.cz\/cs\/kontakty\/\"]}]},{\"@type\":\"BreadcrumbList\",\"@id\":\"https:\/\/www.archibaldcity.cz\/cs\/kontakty\/#breadcrumb\",\"itemListElement\":[{\"@type\":\"ListItem\",\"position\":1,\"name\":\"Home\",\"item\":\"https:\/\/www.archibaldcity.cz\/cs\/\"},{\"@type\":\"ListItem\",\"position\":2,\"name\":\"Kontakty\"}]},{\"@type\":\"WebSite\",\"@id\":\"https:\/\/www.archibaldcity.cz\/cs\/#website\",\"url\":\"https:\/\/www.archibaldcity.cz\/cs\/\",\"name\":\"Archibald City Hotel\",\"description\":\"Just another ms.decms.eu site\",\"potentialAction\":[{\"@type\":\"SearchAction\",\"target\":{\"@type\":\"EntryPoint\",\"urlTemplate\":\"https:\/\/www.archibaldcity.cz\/cs\/?s={search_term_string}\"},\"query-input\":{\"@type\":\"PropertyValueSpecification\",\"valueRequired\":true,\"valueName\":\"search_term_string\"}}],\"inLanguage\":\"cs\"}]}<\/script>\n<!-- \/ Yoast SEO plugin. -->","yoast_head_json":{"title":"Kontakty - Archibald City Hotel","robots":{"index":"index","follow":"follow","max-snippet":"max-snippet:-1","max-image-preview":"max-image-preview:large","max-video-preview":"max-video-preview:-1"},"canonical":"https:\/\/www.archibaldcity.cz\/cs\/kontakty\/","og_locale":"cs_CZ","og_type":"article","og_title":"Kontakty - Archibald City Hotel","og_description":"Adresa hotelu: Archibald City, \u017ditn\u00e1 1319\/33, 110 00 Praha 1, \u010cesk\u00e1 republika Tel.: + 420 234 652 800 E-mail: infoacity@archibald.cz GPS: 50.0774111, 14.4268553 &nbsp; REZERVACE: Tel.: + 420 234 652 818 E-mail: bookingacity@archibald.cz &nbsp; FAKTURA\u010cN\u00cd \u00daDAJE: Archibald Net s.r.o. \u017ditn\u00e1 1319\/33, 110 00 Praha 1, \u010cesk\u00e1 republika I\u010cO: 264 84 901 DI\u010c: CZ264 84 901 [&hellip;]","og_url":"https:\/\/www.archibaldcity.cz\/cs\/kontakty\/","og_site_name":"Archibald City Hotel","article_modified_time":"2023-09-13T11:57:04+00:00","twitter_card":"summary_large_image","schema":{"@context":"https:\/\/schema.org","@graph":[{"@type":"WebPage","@id":"https:\/\/www.archibaldcity.cz\/cs\/kontakty\/","url":"https:\/\/www.archibaldcity.cz\/cs\/kontakty\/","name":"Kontakty - Archibald City Hotel","isPartOf":{"@id":"https:\/\/www.archibaldcity.cz\/cs\/#website"},"datePublished":"2020-09-08T14:31:48+00:00","dateModified":"2023-09-13T11:57:04+00:00","breadcrumb":{"@id":"https:\/\/www.archibaldcity.cz\/cs\/kontakty\/#breadcrumb"},"inLanguage":"cs","potentialAction":[{"@type":"ReadAction","target":["https:\/\/www.archibaldcity.cz\/cs\/kontakty\/"]}]},{"@type":"BreadcrumbList","@id":"https:\/\/www.archibaldcity.cz\/cs\/kontakty\/#breadcrumb","itemListElement":[{"@type":"ListItem","position":1,"name":"Home","item":"https:\/\/www.archibaldcity.cz\/cs\/"},{"@type":"ListItem","position":2,"name":"Kontakty"}]},{"@type":"WebSite","@id":"https:\/\/www.archibaldcity.cz\/cs\/#website","url":"https:\/\/www.archibaldcity.cz\/cs\/","name":"Archibald City Hotel","description":"Just another ms.decms.eu site","potentialAction":[{"@type":"SearchAction","target":{"@type":"EntryPoint","urlTemplate":"https:\/\/www.archibaldcity.cz\/cs\/?s={search_term_string}"},"query-input":{"@type":"PropertyValueSpecification","valueRequired":true,"valueName":"search_term_string"}}],"inLanguage":"cs"}]}},"acf":[],"_links":{"self":[{"href":"https:\/\/www.archibaldcity.cz\/cs\/wp-json\/wp\/v2\/pages\/30","targetHints":{"allow":["GET"]}}],"collection":[{"href":"https:\/\/www.archibaldcity.cz\/cs\/wp-json\/wp\/v2\/pages"}],"about":[{"href":"https:\/\/www.archibaldcity.cz\/cs\/wp-json\/wp\/v2\/types\/page"}],"author":[{"embeddable":true,"href":"https:\/\/www.archibaldcity.cz\/cs\/wp-json\/wp\/v2\/users\/4"}],"replies":[{"embeddable":true,"href":"https:\/\/www.archibaldcity.cz\/cs\/wp-json\/wp\/v2\/comments?post=30"}],"version-history":[{"count":0,"href":"https:\/\/www.archibaldcity.cz\/cs\/wp-json\/wp\/v2\/pages\/30\/revisions"}],"wp:attachment":[{"href":"https:\/\/www.archibaldcity.cz\/cs\/wp-json\/wp\/v2\/media?parent=30"}],"curies":[{"name":"wp","href":"https:\/\/api.w.org\/{rel}","templated":true}]}}